{"id":67,"date":"2025-03-15T11:10:06","date_gmt":"2025-03-15T11:10:06","guid":{"rendered":"https:\/\/dellenfreisalem.de\/?page_id=67"},"modified":"2025-03-18T13:11:17","modified_gmt":"2025-03-18T13:11:17","slug":"dellen-wiki","status":"publish","type":"page","link":"https:\/\/dellenfreisalem.de\/?page_id=67","title":{"rendered":"Dellen Wiki"},"content":{"rendered":"\n<p>Eine Parkdelle oder Hageldelle kann auf zwei verschiedene Arten entfernt werden:<\/p>\n\n\n\n<div class=\"wp-block-columns is-layout-flex wp-container-core-columns-is-layout-9d6595d7 wp-block-columns-is-layout-flex\">\n<div class=\"wp-block-column is-layout-flow wp-block-column-is-layout-flow\">\n<p><strong>Zugtechnik<\/strong><\/p>\n\n\n\n<p>Hei\u00dfkleberpins werden mit speziellem Kleber auf die Delle geklebt und anschlie\u00dfend mit einem Zughammer herausgezogen.<\/p>\n<\/div>\n<\/div>\n\n\n\n<div class=\"wp-block-columns is-layout-flex wp-container-core-columns-is-layout-9d6595d7 wp-block-columns-is-layout-flex\">\n<div class=\"wp-block-column is-layout-flow wp-block-column-is-layout-flow\">\n<figure class=\"wp-block-image size-full\"><img loading=\"lazy\" decoding=\"async\" width=\"2292\" height=\"1728\" src=\"https:\/\/dellenfreisalem.de\/wp-content\/uploads\/2025\/03\/Unbenannt1.png\" alt=\"\" class=\"wp-image-173\" srcset=\"https:\/\/dellenfreisalem.de\/wp-content\/uploads\/2025\/03\/Unbenannt1.png 2292w, https:\/\/dellenfreisalem.de\/wp-content\/uploads\/2025\/03\/Unbenannt1-300x226.png 300w, https:\/\/dellenfreisalem.de\/wp-content\/uploads\/2025\/03\/Unbenannt1-1024x772.png 1024w, https:\/\/dellenfreisalem.de\/wp-content\/uploads\/2025\/03\/Unbenannt1-768x579.png 768w, https:\/\/dellenfreisalem.de\/wp-content\/uploads\/2025\/03\/Unbenannt1-1536x1158.png 1536w, https:\/\/dellenfreisalem.de\/wp-content\/uploads\/2025\/03\/Unbenannt1-2048x1544.png 2048w\" sizes=\"auto, (max-width: 2292px) 100vw, 2292px\" \/><\/figure>\n<\/div>\n\n\n\n<div class=\"wp-block-column is-layout-flow wp-block-column-is-layout-flow\">\n<figure class=\"wp-block-image size-large\"><img loading=\"lazy\" decoding=\"async\" width=\"1024\" height=\"768\" src=\"https:\/\/dellenfreisalem.de\/wp-content\/uploads\/2025\/03\/IMG_20250306_172211-1024x768.jpg\" alt=\"\" class=\"wp-image-166\" srcset=\"https:\/\/dellenfreisalem.de\/wp-content\/uploads\/2025\/03\/IMG_20250306_172211-1024x768.jpg 1024w, https:\/\/dellenfreisalem.de\/wp-content\/uploads\/2025\/03\/IMG_20250306_172211-300x225.jpg 300w, https:\/\/dellenfreisalem.de\/wp-content\/uploads\/2025\/03\/IMG_20250306_172211-768x576.jpg 768w, https:\/\/dellenfreisalem.de\/wp-content\/uploads\/2025\/03\/IMG_20250306_172211-1536x1152.jpg 1536w, https:\/\/dellenfreisalem.de\/wp-content\/uploads\/2025\/03\/IMG_20250306_172211-2048x1536.jpg 2048w\" sizes=\"auto, (max-width: 1024px) 100vw, 1024px\" \/><\/figure>\n<\/div>\n\n\n\n<div class=\"wp-block-column is-layout-flow wp-block-column-is-layout-flow\">\n<figure class=\"wp-block-image size-large\"><img loading=\"lazy\" decoding=\"async\" width=\"1024\" height=\"768\" src=\"https:\/\/dellenfreisalem.de\/wp-content\/uploads\/2025\/03\/IMG_20250306_173752-1024x768.jpg\" alt=\"\" class=\"wp-image-167\" srcset=\"https:\/\/dellenfreisalem.de\/wp-content\/uploads\/2025\/03\/IMG_20250306_173752-1024x768.jpg 1024w, https:\/\/dellenfreisalem.de\/wp-content\/uploads\/2025\/03\/IMG_20250306_173752-300x225.jpg 300w, https:\/\/dellenfreisalem.de\/wp-content\/uploads\/2025\/03\/IMG_20250306_173752-768x576.jpg 768w, https:\/\/dellenfreisalem.de\/wp-content\/uploads\/2025\/03\/IMG_20250306_173752-1536x1152.jpg 1536w, https:\/\/dellenfreisalem.de\/wp-content\/uploads\/2025\/03\/IMG_20250306_173752-2048x1536.jpg 2048w\" sizes=\"auto, (max-width: 1024px) 100vw, 1024px\" \/><\/figure>\n<\/div>\n<\/div>\n\n\n\n<hr class=\"wp-block-separator has-alpha-channel-opacity is-style-wide\"\/>\n\n\n\n<p><strong>Dr\u00fccktechnik<\/strong> <\/p>\n\n\n\n<p>Eine Druckstange wird von innen angesetzt, um die Delle vorsichtig herauszudr\u00fccken.<\/p>\n\n\n\n<div class=\"wp-block-columns is-layout-flex wp-container-core-columns-is-layout-9d6595d7 wp-block-columns-is-layout-flex\">\n<div class=\"wp-block-column is-layout-flow wp-block-column-is-layout-flow\">\n<figure class=\"wp-block-image size-large\"><img loading=\"lazy\" decoding=\"async\" width=\"1024\" height=\"461\" src=\"http:\/\/dellenfreisalem.de\/wp-content\/uploads\/2025\/03\/1742243075066-1024x461.jpg\" alt=\"\" class=\"wp-image-276\"\/><\/figure>\n<\/div>\n\n\n\n<div class=\"wp-block-column is-layout-flow wp-block-column-is-layout-flow\">\n<figure class=\"wp-block-image size-large\"><img loading=\"lazy\" decoding=\"async\" width=\"1024\" height=\"461\" src=\"http:\/\/dellenfreisalem.de\/wp-content\/uploads\/2025\/03\/1742243075054-1024x461.jpg\" alt=\"\" class=\"wp-image-274\"\/><\/figure>\n<\/div>\n<\/div>\n\n\n\n<hr class=\"wp-block-separator has-alpha-channel-opacity is-style-wide\"\/>\n\n\n\n<p>Welche Methode angewendet wird, h\u00e4ngt davon ab, wie gut die Schadstelle zug\u00e4nglich ist und wie stark die Delle verformt wurde. Ziel ist es, das bestm\u00f6gliche Ergebnis zu erzielen.<\/p>\n\n\n\n<p>Zur genauen Beurteilung und Erkennung von Unebenheiten im Blech kommt eine spezielle Lampe zum Einsatz. Bei einer erfolgreichen Reparatur bleibt der Lack in der Regel unbesch\u00e4digt. Allerdings kann es vorkommen, dass stark verformte Parkdellen bereits zu feinen Bruchstellen unter dem Lack gef\u00fchrt haben. Bleiben diese unbehandelt, besteht die Gefahr eines schleichenden Rostansatzes.<\/p>\n\n\n\n<p>Hageldellen hingegen f\u00fchren nicht zu Rost, beeintr\u00e4chtigen jedoch die Optik des Fahrzeugs. Sie werden in der Regel von der Kfz-Haftpflichtversicherung vollst\u00e4ndig \u00fcbernommen.<\/p>\n","protected":false},"excerpt":{"rendered":"<p>Eine Parkdelle oder Hageldelle kann auf zwei verschiedene Arten entfernt werden: Zugtechnik Hei\u00dfkleberpins werden mit speziellem Kleber auf die Delle geklebt und anschlie\u00dfend mit einem Zughammer herausgezogen. Dr\u00fccktechnik Eine Druckstange &#8230;<\/p>\n","protected":false},"author":1,"featured_media":0,"parent":0,"menu_order":0,"comment_status":"closed","ping_status":"closed","template":"","meta":{"footnotes":""},"class_list":["post-67","page","type-page","status-publish","hentry"],"yoast_head":"<!-- This site is optimized with the Yoast SEO plugin v27.5 - https:\/\/yoast.com\/product\/yoast-seo-wordpress\/ -->\n<title>Dellen Wiki - Dellenfrei Salem<\/title>\n<meta name=\"robots\" content=\"index, follow, max-snippet:-1, max-image-preview:large, max-video-preview:-1\" \/>\n<link rel=\"canonical\" href=\"http:\/\/dellenfreisalem.de\/?page_id=67\" \/>\n<meta property=\"og:locale\" content=\"de_DE\" \/>\n<meta property=\"og:type\" content=\"article\" \/>\n<meta property=\"og:title\" content=\"Dellen Wiki - Dellenfrei Salem\" \/>\n<meta property=\"og:description\" content=\"Eine Parkdelle oder Hageldelle kann auf zwei verschiedene Arten entfernt werden: Zugtechnik Hei\u00dfkleberpins werden mit speziellem Kleber auf die Delle geklebt und anschlie\u00dfend mit einem Zughammer herausgezogen. Dr\u00fccktechnik Eine Druckstange ...\" \/>\n<meta property=\"og:url\" content=\"http:\/\/dellenfreisalem.de\/?page_id=67\" \/>\n<meta property=\"og:site_name\" content=\"Dellenfrei Salem\" \/>\n<meta property=\"article:modified_time\" content=\"2025-03-18T13:11:17+00:00\" \/>\n<meta property=\"og:image\" content=\"https:\/\/dellenfreisalem.de\/wp-content\/uploads\/2025\/03\/Unbenannt1.png\" \/>\n<meta name=\"twitter:card\" content=\"summary_large_image\" \/>\n<meta name=\"twitter:label1\" content=\"Gesch\u00e4tzte Lesezeit\" \/>\n\t<meta name=\"twitter:data1\" content=\"2\u00a0Minuten\" \/>\n<script type=\"application\/ld+json\" class=\"yoast-schema-graph\">{\"@context\":\"https:\\\/\\\/schema.org\",\"@graph\":[{\"@type\":\"WebPage\",\"@id\":\"http:\\\/\\\/dellenfreisalem.de\\\/?page_id=67\",\"url\":\"http:\\\/\\\/dellenfreisalem.de\\\/?page_id=67\",\"name\":\"Dellen Wiki - Dellenfrei Salem\",\"isPartOf\":{\"@id\":\"http:\\\/\\\/dellenfreisalem.de\\\/#website\"},\"primaryImageOfPage\":{\"@id\":\"http:\\\/\\\/dellenfreisalem.de\\\/?page_id=67#primaryimage\"},\"image\":{\"@id\":\"http:\\\/\\\/dellenfreisalem.de\\\/?page_id=67#primaryimage\"},\"thumbnailUrl\":\"https:\\\/\\\/dellenfreisalem.de\\\/wp-content\\\/uploads\\\/2025\\\/03\\\/Unbenannt1.png\",\"datePublished\":\"2025-03-15T11:10:06+00:00\",\"dateModified\":\"2025-03-18T13:11:17+00:00\",\"breadcrumb\":{\"@id\":\"http:\\\/\\\/dellenfreisalem.de\\\/?page_id=67#breadcrumb\"},\"inLanguage\":\"de\",\"potentialAction\":[{\"@type\":\"ReadAction\",\"target\":[\"http:\\\/\\\/dellenfreisalem.de\\\/?page_id=67\"]}]},{\"@type\":\"ImageObject\",\"inLanguage\":\"de\",\"@id\":\"http:\\\/\\\/dellenfreisalem.de\\\/?page_id=67#primaryimage\",\"url\":\"https:\\\/\\\/dellenfreisalem.de\\\/wp-content\\\/uploads\\\/2025\\\/03\\\/Unbenannt1.png\",\"contentUrl\":\"https:\\\/\\\/dellenfreisalem.de\\\/wp-content\\\/uploads\\\/2025\\\/03\\\/Unbenannt1.png\",\"width\":2292,\"height\":1728},{\"@type\":\"BreadcrumbList\",\"@id\":\"http:\\\/\\\/dellenfreisalem.de\\\/?page_id=67#breadcrumb\",\"itemListElement\":[{\"@type\":\"ListItem\",\"position\":1,\"name\":\"Startseite\",\"item\":\"http:\\\/\\\/dellenfreisalem.de\\\/\"},{\"@type\":\"ListItem\",\"position\":2,\"name\":\"Dellen Wiki\"}]},{\"@type\":\"WebSite\",\"@id\":\"http:\\\/\\\/dellenfreisalem.de\\\/#website\",\"url\":\"http:\\\/\\\/dellenfreisalem.de\\\/\",\"name\":\"www.Dellenfreisalem.de\",\"description\":\"\",\"publisher\":{\"@id\":\"http:\\\/\\\/dellenfreisalem.de\\\/#organization\"},\"potentialAction\":[{\"@type\":\"SearchAction\",\"target\":{\"@type\":\"EntryPoint\",\"urlTemplate\":\"http:\\\/\\\/dellenfreisalem.de\\\/?s={search_term_string}\"},\"query-input\":{\"@type\":\"PropertyValueSpecification\",\"valueRequired\":true,\"valueName\":\"search_term_string\"}}],\"inLanguage\":\"de\"},{\"@type\":\"Organization\",\"@id\":\"http:\\\/\\\/dellenfreisalem.de\\\/#organization\",\"name\":\"Dellenfrei Salem\",\"url\":\"http:\\\/\\\/dellenfreisalem.de\\\/\",\"logo\":{\"@type\":\"ImageObject\",\"inLanguage\":\"de\",\"@id\":\"http:\\\/\\\/dellenfreisalem.de\\\/#\\\/schema\\\/logo\\\/image\\\/\",\"url\":\"https:\\\/\\\/dellenfreisalem.de\\\/wp-content\\\/uploads\\\/2025\\\/03\\\/Logo-neu_lang_550px.png\",\"contentUrl\":\"https:\\\/\\\/dellenfreisalem.de\\\/wp-content\\\/uploads\\\/2025\\\/03\\\/Logo-neu_lang_550px.png\",\"width\":550,\"height\":139,\"caption\":\"Dellenfrei Salem\"},\"image\":{\"@id\":\"http:\\\/\\\/dellenfreisalem.de\\\/#\\\/schema\\\/logo\\\/image\\\/\"}}]}<\/script>\n<!-- \/ Yoast SEO plugin. -->","yoast_head_json":{"title":"Dellen Wiki - Dellenfrei Salem","robots":{"index":"index","follow":"follow","max-snippet":"max-snippet:-1","max-image-preview":"max-image-preview:large","max-video-preview":"max-video-preview:-1"},"canonical":"http:\/\/dellenfreisalem.de\/?page_id=67","og_locale":"de_DE","og_type":"article","og_title":"Dellen Wiki - Dellenfrei Salem","og_description":"Eine Parkdelle oder Hageldelle kann auf zwei verschiedene Arten entfernt werden: Zugtechnik Hei\u00dfkleberpins werden mit speziellem Kleber auf die Delle geklebt und anschlie\u00dfend mit einem Zughammer herausgezogen. Dr\u00fccktechnik Eine Druckstange ...","og_url":"http:\/\/dellenfreisalem.de\/?page_id=67","og_site_name":"Dellenfrei Salem","article_modified_time":"2025-03-18T13:11:17+00:00","og_image":[{"url":"https:\/\/dellenfreisalem.de\/wp-content\/uploads\/2025\/03\/Unbenannt1.png","type":"","width":"","height":""}],"twitter_card":"summary_large_image","twitter_misc":{"Gesch\u00e4tzte Lesezeit":"2\u00a0Minuten"},"schema":{"@context":"https:\/\/schema.org","@graph":[{"@type":"WebPage","@id":"http:\/\/dellenfreisalem.de\/?page_id=67","url":"http:\/\/dellenfreisalem.de\/?page_id=67","name":"Dellen Wiki - Dellenfrei Salem","isPartOf":{"@id":"http:\/\/dellenfreisalem.de\/#website"},"primaryImageOfPage":{"@id":"http:\/\/dellenfreisalem.de\/?page_id=67#primaryimage"},"image":{"@id":"http:\/\/dellenfreisalem.de\/?page_id=67#primaryimage"},"thumbnailUrl":"https:\/\/dellenfreisalem.de\/wp-content\/uploads\/2025\/03\/Unbenannt1.png","datePublished":"2025-03-15T11:10:06+00:00","dateModified":"2025-03-18T13:11:17+00:00","breadcrumb":{"@id":"http:\/\/dellenfreisalem.de\/?page_id=67#breadcrumb"},"inLanguage":"de","potentialAction":[{"@type":"ReadAction","target":["http:\/\/dellenfreisalem.de\/?page_id=67"]}]},{"@type":"ImageObject","inLanguage":"de","@id":"http:\/\/dellenfreisalem.de\/?page_id=67#primaryimage","url":"https:\/\/dellenfreisalem.de\/wp-content\/uploads\/2025\/03\/Unbenannt1.png","contentUrl":"https:\/\/dellenfreisalem.de\/wp-content\/uploads\/2025\/03\/Unbenannt1.png","width":2292,"height":1728},{"@type":"BreadcrumbList","@id":"http:\/\/dellenfreisalem.de\/?page_id=67#breadcrumb","itemListElement":[{"@type":"ListItem","position":1,"name":"Startseite","item":"http:\/\/dellenfreisalem.de\/"},{"@type":"ListItem","position":2,"name":"Dellen Wiki"}]},{"@type":"WebSite","@id":"http:\/\/dellenfreisalem.de\/#website","url":"http:\/\/dellenfreisalem.de\/","name":"www.Dellenfreisalem.de","description":"","publisher":{"@id":"http:\/\/dellenfreisalem.de\/#organization"},"potentialAction":[{"@type":"SearchAction","target":{"@type":"EntryPoint","urlTemplate":"http:\/\/dellenfreisalem.de\/?s={search_term_string}"},"query-input":{"@type":"PropertyValueSpecification","valueRequired":true,"valueName":"search_term_string"}}],"inLanguage":"de"},{"@type":"Organization","@id":"http:\/\/dellenfreisalem.de\/#organization","name":"Dellenfrei Salem","url":"http:\/\/dellenfreisalem.de\/","logo":{"@type":"ImageObject","inLanguage":"de","@id":"http:\/\/dellenfreisalem.de\/#\/schema\/logo\/image\/","url":"https:\/\/dellenfreisalem.de\/wp-content\/uploads\/2025\/03\/Logo-neu_lang_550px.png","contentUrl":"https:\/\/dellenfreisalem.de\/wp-content\/uploads\/2025\/03\/Logo-neu_lang_550px.png","width":550,"height":139,"caption":"Dellenfrei Salem"},"image":{"@id":"http:\/\/dellenfreisalem.de\/#\/schema\/logo\/image\/"}}]}},"rttpg_featured_image_url":null,"rttpg_author":{"display_name":"David","author_link":"https:\/\/dellenfreisalem.de\/?author=1"},"rttpg_comment":0,"rttpg_category":null,"rttpg_excerpt":"Eine Parkdelle oder Hageldelle kann auf zwei verschiedene Arten entfernt werden: Zugtechnik Hei\u00dfkleberpins werden mit speziellem Kleber auf die Delle geklebt und anschlie\u00dfend mit einem Zughammer herausgezogen. Dr\u00fccktechnik Eine Druckstange ...","_links":{"self":[{"href":"https:\/\/dellenfreisalem.de\/index.php?rest_route=\/wp\/v2\/pages\/67","targetHints":{"allow":["GET"]}}],"collection":[{"href":"https:\/\/dellenfreisalem.de\/index.php?rest_route=\/wp\/v2\/pages"}],"about":[{"href":"https:\/\/dellenfreisalem.de\/index.php?rest_route=\/wp\/v2\/types\/page"}],"author":[{"embeddable":true,"href":"https:\/\/dellenfreisalem.de\/index.php?rest_route=\/wp\/v2\/users\/1"}],"replies":[{"embeddable":true,"href":"https:\/\/dellenfreisalem.de\/index.php?rest_route=%2Fwp%2Fv2%2Fcomments&post=67"}],"version-history":[{"count":5,"href":"https:\/\/dellenfreisalem.de\/index.php?rest_route=\/wp\/v2\/pages\/67\/revisions"}],"predecessor-version":[{"id":278,"href":"https:\/\/dellenfreisalem.de\/index.php?rest_route=\/wp\/v2\/pages\/67\/revisions\/278"}],"wp:attachment":[{"href":"https:\/\/dellenfreisalem.de\/index.php?rest_route=%2Fwp%2Fv2%2Fmedia&parent=67"}],"curies":[{"name":"wp","href":"https:\/\/api.w.org\/{rel}","templated":true}]}}